

{"id":3277,"date":"2025-10-17T12:09:34","date_gmt":"2025-10-17T15:09:34","guid":{"rendered":"https:\/\/iglesiadedioscean.org\/faetid\/?page_id=3277"},"modified":"2025-11-14T10:08:06","modified_gmt":"2025-11-14T13:08:06","slug":"inscripcion","status":"publish","type":"page","link":"https:\/\/iglesiadedioscean.org\/faetid\/inscripcion\/","title":{"rendered":"Inscripci\u00f3n"},"content":{"rendered":"\n<div class=\"ces-formulario-inscripcion-wrapper\">\n    \n    <!-- Header del formulario -->\n    <div class=\"ces-form-header\">\n        <h2 class=\"ces-form-title\">\n            Formulario de Inscripci\u00f3n        <\/h2>\n        <p class=\"ces-form-description\">\n            Complete el siguiente formulario para inscribirse. Los campos marcados con * son obligatorios.        <\/p>\n    <\/div>\n\n    <!-- Notificaciones -->\n    <div id=\"ces-inscripcion-notification\" class=\"ces-notification\" style=\"display: none;\"><\/div>\n\n    <!-- Formulario -->\n    <form id=\"ces-formulario-inscripcion\" class=\"ces-form-inscripcion\" method=\"post\">\n        \n        <!-- SECCI\u00d3N 1: Datos Personales B\u00e1sicos -->\n        <div class=\"ces-form-section ces-section-campos-personalizados\">\n            <h3 class=\"ces-section-title\">\n                <span class=\"ces-section-number\">1<\/span>\n                Datos Personales            <\/h3>\n            \n            <div class=\"ces-form-row dynamic\">\n                <div class=\"ces-form-group span-1\">\n                    <label for=\"nombre\" class=\"ces-label\">\n                        Nombre <span class=\"ces-required\">*<\/span>\n                    <\/label>\n                    <input type=\"text\" id=\"nombre\" name=\"nombre\" class=\"ces-input\" required \n                           placeholder=\"Ingrese su nombre\">\n                    <span class=\"ces-error-message\"><\/span>\n                <\/div>\n                \n                <div class=\"ces-form-group span-1\">\n                    <label for=\"apellido\" class=\"ces-label\">\n                        Apellido <span class=\"ces-required\">*<\/span>\n                    <\/label>\n                    <input type=\"text\" id=\"apellido\" name=\"apellido\" class=\"ces-input\" required\n                           placeholder=\"Ingrese su apellido\">\n                    <span class=\"ces-error-message\"><\/span>\n                <\/div>\n            <\/div>\n\n            <div class=\"ces-form-row dynamic\">\n                <div class=\"ces-form-group span-1\">\n                    <label for=\"dni\" class=\"ces-label\">\n                        DNI <span class=\"ces-required\">*<\/span>\n                    <\/label>\n                    <input type=\"text\" id=\"dni\" name=\"dni\" class=\"ces-input\" required maxlength=\"9\"\n                           placeholder=\"Ingrese su DNI\">\n                    <span class=\"ces-error-message\"><\/span>\n                <\/div>\n                \n                <div class=\"ces-form-group span-1\">\n                    <label for=\"fecha_nacimiento\" class=\"ces-label\">\n                        Fecha de Nacimiento <span class=\"ces-required\">*<\/span>\n                    <\/label>\n                    <input type=\"date\" id=\"fecha_nacimiento\" name=\"fecha_nacimiento\" class=\"ces-input\" required>\n                    <span class=\"ces-error-message\"><\/span>\n                <\/div>\n            <\/div>\n        <\/div>\n\n        <!-- SECCI\u00d3N 2: Datos de Contacto -->\n        <div class=\"ces-form-section\">\n            <h3 class=\"ces-section-title\">\n                <span class=\"ces-section-number\">2<\/span>\n                Datos de Contacto            <\/h3>\n            \n            <div class=\"ces-form-row dynamic\">\n                <div class=\"ces-form-group span-1\">\n                    <label for=\"telefono\" class=\"ces-label\">\n                        Tel\u00e9fono <span class=\"ces-required\">*<\/span>\n                    <\/label>\n                    <input type=\"tel\" id=\"telefono\" name=\"telefono\" class=\"ces-input\" required\n                           placeholder=\"Ingrese su tel\u00e9fono\">\n                    <span class=\"ces-error-message\"><\/span>\n                <\/div>\n                \n                <div class=\"ces-form-group span-1\">\n                    <label for=\"email\" class=\"ces-label\">\n                        Email <span class=\"ces-required\">*<\/span>\n                    <\/label>\n                    <input type=\"email\" id=\"email\" name=\"email\" class=\"ces-input\" required\n                           placeholder=\"ejemplo@correo.com\">\n                    <span class=\"ces-error-message\"><\/span>\n                <\/div>\n                \n                <div class=\"ces-form-group span-1\">\n                    <label for=\"direccion\" class=\"ces-label\">\n                        Direcci\u00f3n <span class=\"ces-required\">*<\/span>\n                    <\/label>\n                    <input type=\"text\" id=\"direccion\" name=\"direccion\" class=\"ces-input\" required\n                           placeholder=\"Calle y n\u00famero\">\n                    <span class=\"ces-error-message\"><\/span>\n                <\/div>\n            <\/div>\n\n            <div class=\"ces-form-row dynamic\">\n                <div class=\"ces-form-group span-1\">\n                    <label for=\"provincia\" class=\"ces-label\">\n                        Provincia <span class=\"ces-required\">*<\/span>\n                    <\/label>\n                    <input type=\"text\" id=\"provincia\" name=\"provincia\" class=\"ces-input\" required\n                           placeholder=\"Provincia\">\n                    <span class=\"ces-error-message\"><\/span>\n                <\/div>\n                \n                <div class=\"ces-form-group span-1\">\n                    <label for=\"pais\" class=\"ces-label\">\n                        Pa\u00eds <span class=\"ces-required\">*<\/span>\n                    <\/label>\n                    <input type=\"text\" id=\"pais\" name=\"pais\" class=\"ces-input\" required\n                           placeholder=\"Pa\u00eds\">\n                    <span class=\"ces-error-message\"><\/span>\n                <\/div>\n            <\/div>\n        <\/div>\n\n        <!-- SECCI\u00d3N 3: Formaci\u00f3n Acad\u00e9mica -->\n        <div class=\"ces-form-section\">\n            <h3 class=\"ces-section-title\">\n                <span class=\"ces-section-number\">3<\/span>\n                Formaci\u00f3n Acad\u00e9mica            <\/h3>\n            \n            <div class=\"ces-form-row dynamic\">\n                <div class=\"ces-form-group span-2\">\n                    <label for=\"estudios_seculares\" class=\"ces-label\">\n                        Estudios Seculares <span class=\"ces-required\">*<\/span>\n                    <\/label>\n                    <select id=\"estudios_seculares\" name=\"estudios_seculares\" class=\"ces-select\" required>\n                        <option value=\"\">Seleccione su nivel de estudios<\/option>\n                        <option value=\"Primario\">Primario<\/option>\n                        <option value=\"Secundario\">Secundario<\/option>\n                        <option value=\"Terciario\">Terciario<\/option>\n                        <option value=\"Universitario\">Universitario<\/option>\n                        <option value=\"Posgrado\">Posgrado<\/option>\n                    <\/select>\n                    <span class=\"ces-error-message\"><\/span>\n                <\/div>\n                \n                \n            <\/div>\n        <\/div>\n\n                <!-- SECCI\u00d3N 4: Campos Personalizados -->\n        <div class=\"ces-form-section\">\n            <h3 class=\"ces-section-title\">\n                <span class=\"ces-section-number\">4<\/span>\n                Informaci\u00f3n Adicional            <\/h3>\n            \n            \n            \n            <div class=\"ces-form-row dynamic\">\n                                                                                                <div class=\"ces-form-group span-1\">\n                                <label for=\"campo_295\" class=\"ces-label\">\n                                    Grado Ministerial                                                                    <\/label>\n                        \n                                                                    <select id=\"campo_295\" \n                                            name=\"campo_personalizado[295]\" \n                                            class=\"ces-select\"\n                                            >\n                                        <option value=\"\">Seleccione una opci\u00f3n<\/option>\n                                        <option value=\"Ministro Exhortador\">Ministro Exhortador<\/option><option value=\"Ministro Ordenado\">Ministro Ordenado<\/option><option value=\"Obispo\">Obispo<\/option>                                    <\/select>\n                                                                            \n                                <span class=\"ces-error-message\"><\/span>\n                            <\/div>\n                                                                                                                        <div class=\"ces-form-group span-1\">\n                                <label for=\"campo_296\" class=\"ces-label\">\n                                    Credencial Nro.                                                                    <\/label>\n                        \n                                                                    <input type=\"text\" \n                                           id=\"campo_296\" \n                                           name=\"campo_personalizado[296]\" \n                                           class=\"ces-input\"\n                                                                                      placeholder=\"\">\n                                                                        \n                                <span class=\"ces-error-message\"><\/span>\n                            <\/div>\n                                                                                                                        <div class=\"ces-form-group span-1\">\n                                <label for=\"campo_297\" class=\"ces-label\">\n                                    Nombre de su Pastor                                                                    <\/label>\n                        \n                                                                    <input type=\"text\" \n                                           id=\"campo_297\" \n                                           name=\"campo_personalizado[297]\" \n                                           class=\"ces-input\"\n                                                                                      placeholder=\"\">\n                                                                        \n                                <span class=\"ces-error-message\"><\/span>\n                            <\/div>\n                                                                                                                        <div class=\"ces-form-group span-1\">\n                                <label for=\"campo_298\" class=\"ces-label\">\n                                    Nombre de la Iglesia                                                                    <\/label>\n                        \n                                                                    <input type=\"text\" \n                                           id=\"campo_298\" \n                                           name=\"campo_personalizado[298]\" \n                                           class=\"ces-input\"\n                                                                                      placeholder=\"\">\n                                                                        \n                                <span class=\"ces-error-message\"><\/span>\n                            <\/div>\n                                                                                                                        <div class=\"ces-form-group span-2\">\n                                <label for=\"campo_299\" class=\"ces-label\">\n                                    Tel\u00e9fono de la Iglesia                                                                    <\/label>\n                        \n                                                                        <input type=\"tel\" \n                                               id=\"campo_299\" \n                                               name=\"campo_personalizado[299]\" \n                                               class=\"ces-input\"\n                                                                                              placeholder=\"\">\n                                                                        \n                                <span class=\"ces-error-message\"><\/span>\n                            <\/div>\n                                                                                                                        <div class=\"ces-form-group span-2\">\n                                <label for=\"campo_300\" class=\"ces-label\">\n                                    Direcci\u00f3n de la Iglesia                                                                    <\/label>\n                        \n                                                                    <input type=\"text\" \n                                           id=\"campo_300\" \n                                           name=\"campo_personalizado[300]\" \n                                           class=\"ces-input\"\n                                                                                      placeholder=\"\">\n                                                                        \n                                <span class=\"ces-error-message\"><\/span>\n                            <\/div>\n                                                                                                                        <div class=\"ces-form-group span-1\">\n                                <label for=\"campo_301\" class=\"ces-label\">\n                                    Distrito                                                                    <\/label>\n                        \n                                                                    <select id=\"campo_301\" \n                                            name=\"campo_personalizado[301]\" \n                                            class=\"ces-select\"\n                                            >\n                                        <option value=\"\">Seleccione una opci\u00f3n<\/option>\n                                        <option value=\"Almirante Brown\">Almirante Brown<\/option><option value=\"Avellaneda\">Avellaneda<\/option><option value=\"Berazategui\">Berazategui<\/option><option value=\"CABA (Ciudad Aut\u00f3noma de Buenos Aires)\">CABA (Ciudad Aut\u00f3noma de Buenos Aires)<\/option><option value=\"Col\u00f3n\">Col\u00f3n<\/option><option value=\"Guernica\">Guernica<\/option><option value=\"Jos\u00e9 C. Paz\">Jos\u00e9 C. Paz<\/option><option value=\"La Matanza\">La Matanza<\/option><option value=\"La Plata\">La Plata<\/option><option value=\"Lan\u00fas\">Lan\u00fas<\/option><option value=\"Merlo\">Merlo<\/option><option value=\"Oeste\">Oeste<\/option><option value=\"Quilmes\">Quilmes<\/option><option value=\"San Fernando\">San Fernando<\/option><option value=\"San Vicente\">San Vicente<\/option><option value=\"Temperley\">Temperley<\/option><option value=\"Varela Centro\">Varela Centro<\/option><option value=\"Varela Sur\">Varela Sur<\/option><option value=\"Z\u00e1rate\">Z\u00e1rate<\/option>                                    <\/select>\n                                                                            \n                                <span class=\"ces-error-message\"><\/span>\n                            <\/div>\n                                                        <\/div>\n        <\/div>\n                \n        <!-- SECCI\u00d3N 5: Documentaci\u00f3n (OBLIGATORIA) -->\n        <div class=\"ces-form-section ces-section-documentacion\">\n            <h3 class=\"ces-section-title\">\n                <span class=\"ces-section-number\">5<\/span>\n                Documentaci\u00f3n            <\/h3>\n            \n            <div class=\"ces-documentacion-info\">\n                <p class=\"ces-info-text\">\n                    Para completar tu inscripci\u00f3n, necesitas subir las siguientes fotos usando tu celular:                <\/p>\n            <\/div>\n            \n            <!-- Foto de Perfil (OBLIGATORIA) -->\n            <div class=\"ces-form-row\">\n                <div class=\"ces-form-group ces-col-12\">\n                    <label class=\"ces-label ces-label-required\">\n                        Foto de Perfil <span class=\"ces-required\">*<\/span>\n                    <\/label>\n                    <div class=\"ces-file-field\">\n                        <div class=\"ces-file-options\">\n                            <button type=\"button\" class=\"ces-file-option camera\" data-camera-trigger=\"foto_perfil\">\n                                Foto perfil                            <\/button>\n                        <\/div>\n                        <input type=\"file\" id=\"foto_perfil\" name=\"foto_perfil\" class=\"ces-file-input\" data-file-upload accept=\"image\/*\" required>\n                        <div id=\"foto_perfil-preview\" class=\"ces-file-preview\"><\/div>\n                    <\/div>\n                    <span class=\"ces-error-message\"><\/span>\n                <\/div>\n            <\/div>\n            \n            <!-- DNI Frente (OBLIGATORIO) -->\n            <div class=\"ces-form-row\">\n                <div class=\"ces-form-group ces-col-6\">\n                    <label class=\"ces-label ces-label-required\">\n                        DNI Frente <span class=\"ces-required\">*<\/span>\n                    <\/label>\n                    <div class=\"ces-file-field\">\n                        <div class=\"ces-file-options\">\n                            <button type=\"button\" class=\"ces-file-option camera\" data-camera-trigger=\"dni_frente\">\n                                DNI Frente                            <\/button>\n                        <\/div>\n                        <input type=\"file\" id=\"dni_frente\" name=\"dni_frente\" class=\"ces-file-input\" data-file-upload accept=\"image\/*\" required>\n                        <div id=\"dni_frente-preview\" class=\"ces-file-preview\"><\/div>\n                    <\/div>\n                    <span class=\"ces-error-message\"><\/span>\n                <\/div>\n                \n                <!-- DNI Dorso (OBLIGATORIO) -->\n                <div class=\"ces-form-group ces-col-6\">\n                    <label class=\"ces-label ces-label-required\">\n                        DNI Dorso <span class=\"ces-required\">*<\/span>\n                    <\/label>\n                    <div class=\"ces-file-field\">\n                        <div class=\"ces-file-options\">\n                            <button type=\"button\" class=\"ces-file-option camera\" data-camera-trigger=\"dni_dorso\">\n                                DNI Dorso                            <\/button>\n                        <\/div>\n                        <input type=\"file\" id=\"dni_dorso\" name=\"dni_dorso\" class=\"ces-file-input\" data-file-upload accept=\"image\/*\" required>\n                        <div id=\"dni_dorso-preview\" class=\"ces-file-preview\"><\/div>\n                    <\/div>\n                    <span class=\"ces-error-message\"><\/span>\n                <\/div>\n            <\/div>\n            \n        <\/div>\n        \n        <!-- SECCI\u00d3N 6: T\u00e9rminos y Condiciones -->\n        <div class=\"ces-form-section\">\n            <div class=\"ces-form-row\">\n                <div class=\"ces-form-group ces-col-12\">\n                    <label class=\"ces-checkbox-label ces-terminos-label\">\n                        <input type=\"checkbox\" id=\"aceptar_terminos\" name=\"aceptar_terminos\" required>\n                        <span class=\"ces-terminos-text\">Acepto los                            <a href=\"#\" target=\"_blank\">t\u00e9rminos y condiciones<\/a>\n                            <span class=\"ces-required\">*<\/span>\n                        <\/span>\n                    <\/label>\n                    <span class=\"ces-error-message\"><\/span>\n                <\/div>\n            <\/div>\n        <\/div>\n\n        <!-- Informaci\u00f3n adicional -->\n        \n        <!-- Botones de acci\u00f3n -->\n        <div class=\"ces-form-actions\">\n            <button type=\"submit\" class=\"ces-btn ces-btn-primary\" id=\"ces-btn-submit\">\n                <span class=\"ces-btn-text\">Enviar Inscripci\u00f3n<\/span>\n                <span class=\"ces-btn-loader\" style=\"display: none;\">\n                    <span class=\"ces-spinner\"><\/span>\n                    Procesando...                <\/span>\n            <\/button>\n        <\/div>\n\n        <!-- Campo oculto para nonce -->\n        <input type=\"hidden\" id=\"ces_inscripcion_nonce\" name=\"ces_inscripcion_nonce\" value=\"989a66e3ba\" \/><input type=\"hidden\" name=\"_wp_http_referer\" value=\"\/faetid\/wp-json\/wp\/v2\/pages\/3277\" \/>    <\/form>\n\n    <!-- Modal de \u00e9xito -->\n    <div id=\"ces-modal-exito\" class=\"ces-modal\" style=\"display: none;\">\n        <div class=\"ces-modal-overlay\"><\/div>\n        <div class=\"ces-modal-content ces-modal-success\">\n            <div class=\"ces-modal-icon\">\n                <span class=\"ces-success-checkmark\">\u2713<\/span>\n            <\/div>\n            <h3>\u00a1Inscripci\u00f3n Enviada Exitosamente!<\/h3>\n            <p id=\"ces-modal-mensaje\"><\/p>\n            <button type=\"button\" class=\"ces-btn ces-btn-primary\" id=\"ces-modal-cerrar\">\n                Aceptar            <\/button>\n        <\/div>\n    <\/div>\n\n<\/div>\n\n\n\n\n\n<p><\/p>\n","protected":false},"excerpt":{"rendered":"","protected":false},"author":1,"featured_media":0,"parent":0,"menu_order":0,"comment_status":"closed","ping_status":"closed","template":"","meta":{"_gspb_post_css":"","footnotes":""},"class_list":["post-3277","page","type-page","status-publish","hentry"],"blocksy_meta":{"disable_footer":"no","disable_header":"no","styles_descriptor":{"styles":{"desktop":"","tablet":"","mobile":""},"google_fonts":[],"version":6},"disable_featured_image":"no","disable_share_box":"no","page_structure_type":"type-4","has_hero_section":"disabled"},"_links":{"self":[{"href":"https:\/\/iglesiadedioscean.org\/faetid\/wp-json\/wp\/v2\/pages\/3277","targetHints":{"allow":["GET"]}}],"collection":[{"href":"https:\/\/iglesiadedioscean.org\/faetid\/wp-json\/wp\/v2\/pages"}],"about":[{"href":"https:\/\/iglesiadedioscean.org\/faetid\/wp-json\/wp\/v2\/types\/page"}],"author":[{"embeddable":true,"href":"https:\/\/iglesiadedioscean.org\/faetid\/wp-json\/wp\/v2\/users\/1"}],"replies":[{"embeddable":true,"href":"https:\/\/iglesiadedioscean.org\/faetid\/wp-json\/wp\/v2\/comments?post=3277"}],"version-history":[{"count":3,"href":"https:\/\/iglesiadedioscean.org\/faetid\/wp-json\/wp\/v2\/pages\/3277\/revisions"}],"predecessor-version":[{"id":3313,"href":"https:\/\/iglesiadedioscean.org\/faetid\/wp-json\/wp\/v2\/pages\/3277\/revisions\/3313"}],"wp:attachment":[{"href":"https:\/\/iglesiadedioscean.org\/faetid\/wp-json\/wp\/v2\/media?parent=3277"}],"curies":[{"name":"wp","href":"https:\/\/api.w.org\/{rel}","templated":true}]}}